{"id":3003,"date":"2017-06-01T16:09:05","date_gmt":"2017-06-01T16:09:05","guid":{"rendered":"http:\/\/www.encontraaricanduva.com.br\/noticias\/?page_id=3003"},"modified":"2022-12-16T18:26:23","modified_gmt":"2022-12-16T18:26:23","slug":"sobre-aricanduva","status":"publish","type":"page","link":"https:\/\/www.encontraaricanduva.com.br\/sobre\/","title":{"rendered":"Sobre Aricanduva"},"content":{"rendered":"\n<h2>Limites &#8211; Bairros Vizinhos &#8211; <a href=\"http:\/\/www.zonalestedesp.com.br\/\" target=\"_blank\" rel=\"noopener noreferrer\">Zona Leste<\/a><\/h2>\n<p><a href=\"https:\/\/www.encontrajardimanaliafranco.com.br\/\" target=\"_blank\" rel=\"noopener noreferrer\">Jardim An\u00e1lia Franco<\/a>, <a href=\"https:\/\/www.encontraaricanduva.com.br\/\" target=\"_blank\" rel=\"noopener noreferrer\">Aricanduva<\/a>, <a href=\"https:\/\/www.encontraitaquera.com.br\/\" target=\"_blank\" rel=\"noopener noreferrer\">Itaquera<\/a>, <a href=\"https:\/\/www.encontramooca.com.br\/\" target=\"_blank\" rel=\"noopener noreferrer\">Mooca<\/a>, <a href=\"https:\/\/www.encontrapenha.com.br\/\" target=\"_blank\" rel=\"noopener noreferrer\">Penha<\/a>, <a href=\"https:\/\/www.encontrasaomateus.com.br\/\" target=\"_blank\" rel=\"noopener noreferrer\">S\u00e3o Mateus<\/a>, <a href=\"https:\/\/www.encontratatuape.com.br\/\" target=\"_blank\" rel=\"noopener noreferrer\">Tatuap\u00e9<\/a>, <a href=\"https:\/\/www.encontravilaformosa.com.br\/\" target=\"_blank\" rel=\"noopener noreferrer\">Vila Formosa<\/a>, <a href=\"https:\/\/www.encontravilaprudente.com.br\/\" target=\"_blank\" rel=\"noopener noreferrer\">Vila Prudente<\/a><\/p>\n<h4>Dados Principais sobre o Aricanduva<\/h4>\n<p><strong>Popula\u00e7\u00e3o<\/strong> 92.982 hab. (2010)<br \/>\n<strong>Renda m\u00e9dia<\/strong> R$ 1.007,43<br \/>\n<strong>IDH<\/strong> 0,830 &#8211; elevado<br \/>\n<strong>Subprefeitura<\/strong> Aricanduva<br \/>\n<strong>Regi\u00e3o Administrativ<\/strong>a Sudeste<br \/>\n<strong>\u00c1rea Geogr\u00e1fica<\/strong> 4<br \/>\n<a title=\"C\u00e2mara Municipal de S\u00e3o Paulo\" href=\"https:\/\/www.camaramunicipal.com.br\/sobre\/camara-municipal-de-sao-paulo-palacio-anchieta-sao-paulo-sp\" target=\"_blank\"><strong>C\u00e2mara Municipal<\/strong> S\u00e3o Paulo<\/a><\/p>\n<h3>V\u00eddeo sobre o bairro do Aricanduva<\/h3>\n<p><iframe loading=\"lazy\" title=\"Video sobre o Bairro do Aricanduva\" src=\"https:\/\/www.youtube.com\/embed\/k5CNQNLe49M?rel=0\" width=\"100%\" height=\"285\" frameborder=\"0\" allowfullscreen=\"allowfullscreen\"><\/iframe><\/p>\n<h3>Mapa Aricanduva<\/h3>\n<p><iframe loading=\"lazy\" src=\"https:\/\/maps.google.com.br\/maps?hl=pt-BR&amp;ie=UTF8&amp;ll=-23.576732,-46.512294&amp;spn=0.013767,0.023818&amp;z=15&amp;output=embed\" width=\"100%\" height=\"350\" frameborder=\"0\" marginwidth=\"0\" marginheight=\"0\" scrolling=\"no\"><\/iframe><\/p>\n<h2>Moradores ilustres do Aricanduva<\/h2>\n<p><iframe loading=\"lazy\" style=\"border: none; overflow: hidden; width: 100%; height: 252px;\" src=\"http:\/\/www.facebook.com\/plugins\/likebox.php?href=http%3A%2F%2Fwww.facebook.com%2Fbairroaricanduva&amp;width=300&amp;colorscheme=light&amp;show_faces=true&amp;stream=false&amp;header=false&amp;height=252\" width=\"300\" height=\"150\" frameborder=\"0\" scrolling=\"No\"><\/iframe><\/p>\n<h2>Hist\u00f3ria de Aricanduva<\/h2>\n<p><img loading=\"lazy\" decoding=\"async\" width=\"565\" height=\"198\" class=\"alignnone size-full wp-image-3004\" style=\"width: 100%; height: auto;\" src=\"https:\/\/www.encontraaricanduva.com.br\/noticias\/wp-content\/uploads\/aricanduva-sp.jpg\" alt=\"\" srcset=\"https:\/\/www.encontraaricanduva.com.br\/sobre\/wp-content\/uploads\/aricanduva-sp.jpg 565w, https:\/\/www.encontraaricanduva.com.br\/sobre\/wp-content\/uploads\/aricanduva-sp-300x105.jpg 300w\" sizes=\"auto, (max-width: 565px) 100vw, 565px\" \/><\/p>\n<h3>Hist\u00f3ria<\/h3>\n<p>O distrito foi fundado e desenvolvido em 1940 por portugueses a partir do bairro de mesmo nome, <a href=\"\/\">Aricanduva<\/a>. Antigamente, toda a \u00e1rea era uma grande fazenda de Luis Americano, dono de muitas terras, e do Parque do Carmo. Ele repassou parte das terras para o ent\u00e3o Governador Ademar de Barros, que as retalhou em lotes e ch\u00e1caras. Ali\u00e1s, o pol\u00eamico governador de S\u00e3o Paulo criou na \u00e9poca uma empresa de loteamentos chamada Aricanduva.<\/p>\n<h3>Atualidade<\/h3>\n<p>O <a href=\"\/\">Bairro Aricanduva<\/a> \u00e9 muito conhecido pelo c\u00f3rrego e a avenida de mesmo nome. Algumas \u00e1reas do distrito sofrem com problemas de enchentes, por isso s\u00e3o constantes as interven\u00e7\u00f5es por parte da Subprefeitura de Aricanduva no c\u00f3rrego e nas ruas de Aricanduva, para minimizar o caos provocado por esses incidentes. \u00c9 formado por casas baixo e m\u00e9dio padr\u00e3o, apresenta grandes conjuntos habitacionais, localizados nos limites do distrito, pr\u00f3ximo de S\u00e3o Mateus, um deles \u00e9 o Conjunto Habitacional Barreira Grande.<\/p>\n<p>N\u00e3o h\u00e1 regi\u00f5es muito verticalizadas no distrito, por\u00e9m h\u00e1 alguns edif\u00edcios no mesmo. De acordo com os atuais mapas da Prefeitura de S\u00e3o Paulo, situa-se em Aricanduva o Centro Educacional Unificado Formosa (CEU Formosa), localizado pr\u00f3ximo \u00e0 divisa com o distrito de <a href=\"https:\/\/www.encontravilaformosa.com.br\/\" target=\"_blank\" rel=\"noopener noreferrer\">Vila Formosa<\/a>.<\/p>\n<h3>Localiza\u00e7\u00e3o e Infraestrutura<\/h3>\n<p>O distrito n\u00e3o possui esta\u00e7\u00f5es de metr\u00f4, por\u00e9m h\u00e1 muitas linhas de \u00f4nibus da SPTrans, em sua maioria localizadas na Avenida Rio das Pedras e Avenida Aricanduva. Destaque para os bairros de Vila Antonieta e Jardim Vila Formosa, onde h\u00e1 muitos estabelecimentos comerciais.<\/p>\n<p>A regi\u00e3o tamb\u00e9m fica pr\u00f3xima do <a href=\"https:\/\/www.ltaquerao.com\/\" target=\"_blank\" rel=\"noopener noreferrer\">itaquer\u00e3o<\/a>, o est\u00e1dio do sport clube corinthians.<\/p>\n<p>Para homenagear a comunidade de moradores deste maravilho bairro, o <a href=\"https:\/\/www.encontrasaopaulo.com.br\/\" target=\"_blank\" rel=\"noopener noreferrer\">Encontra S\u00e3o Paulo<\/a> criou o <a href=\"https:\/\/www.encontraaricanduva.com.br\/\" target=\"_blank\" rel=\"noopener noreferrer\">Encontra Aricanduva<\/a> na cidade de SP.<\/p>\n\n<div style=\"font-size: 0px; height: 0px; line-height: 0px; margin: 0; padding: 0; clear: both;\"><\/div>","protected":false},"excerpt":{"rendered":"<p>Limites &#8211; Bairros Vizinhos &#8211; Zona Leste Jardim An\u00e1lia Franco, Aricanduva, Itaquera, Mooca, Penha, S\u00e3o Mateus, Tatuap\u00e9, Vila Formosa, Vila Prudente Dados Principais sobre o Aricanduva Popula\u00e7\u00e3o 92.982 hab. (2010) Renda m\u00e9dia R$ 1.007,43 IDH 0,830 &#8211; elevado Subprefeitura Aricanduva Regi\u00e3o Administrativa Sudeste \u00c1rea Geogr\u00e1fica 4 C\u00e2mara Municipal S\u00e3o Paulo V\u00eddeo sobre o bairro do Aricanduva Mapa Aricanduva Moradores ilustres do Aricanduva Hist\u00f3ria de Aricanduva Hist\u00f3ria O distrito foi fundado e desenvolvido em 1940 por portugueses a partir do bairro de mesmo nome, Aricanduva. Antigamente, toda a \u00e1rea era uma grande fazenda de Luis Americano, dono de muitas terras, e <\/p>\n","protected":false},"author":1,"featured_media":0,"parent":0,"menu_order":0,"comment_status":"closed","ping_status":"closed","template":"","meta":{"footnotes":""},"class_list":["post-3003","page","type-page","status-publish","hentry"],"aioseo_notices":[],"_links":{"self":[{"href":"https:\/\/www.encontraaricanduva.com.br\/sobre\/wp-json\/wp\/v2\/pages\/3003","targetHints":{"allow":["GET"]}}],"collection":[{"href":"https:\/\/www.encontraaricanduva.com.br\/sobre\/wp-json\/wp\/v2\/pages"}],"about":[{"href":"https:\/\/www.encontraaricanduva.com.br\/sobre\/wp-json\/wp\/v2\/types\/page"}],"author":[{"embeddable":true,"href":"https:\/\/www.encontraaricanduva.com.br\/sobre\/wp-json\/wp\/v2\/users\/1"}],"replies":[{"embeddable":true,"href":"https:\/\/www.encontraaricanduva.com.br\/sobre\/wp-json\/wp\/v2\/comments?post=3003"}],"version-history":[{"count":0,"href":"https:\/\/www.encontraaricanduva.com.br\/sobre\/wp-json\/wp\/v2\/pages\/3003\/revisions"}],"wp:attachment":[{"href":"https:\/\/www.encontraaricanduva.com.br\/sobre\/wp-json\/wp\/v2\/media?parent=3003"}],"curies":[{"name":"wp","href":"https:\/\/api.w.org\/{rel}","templated":true}]}}